{"id":8,"date":"2022-10-04T06:58:32","date_gmt":"2022-10-04T06:58:32","guid":{"rendered":"https:\/\/www.mestskytrhik.sk\/cms\/?page_id=8"},"modified":"2025-04-26T00:09:10","modified_gmt":"2025-04-25T22:09:10","slug":"kontakt","status":"publish","type":"page","link":"https:\/\/www.mestskytrhik.sk\/cms\/kontakt\/","title":{"rendered":"Kontakt"},"content":{"rendered":"\n<h2 class=\"wp-block-heading has-text-align-center has-secondary-color has-text-color\">kontaktujte n\u00e1s tu:<\/h2>\n\n\n\n<h2 class=\"wp-block-heading has-text-align-center\"><strong>mestskytrhik@gmail.com<\/strong><\/h2>\n\n\n\t\t\t<div \n\t\t\tclass=\"wp-block-uagb-google-map uagb-google-map__wrap uagb-block-5e90bc31     \"\n\t\t\tstyle=\"\" >\n\t\t\t\t<embed\n\t\t\t\t\tclass=\"uagb-google-map__iframe\"\n\t\t\t\t\ttitle=\"Google Map for \"\n\t\t\t\t\tsrc=\"https:\/\/maps.google.com\/maps?q=Hurbanove%20sady&#038;z=17&#038;hl=sk&#038;t=m&#038;output=embed&#038;iwloc=near\"\n\t\t\t\t\twidth=\"640\"\n\t\t\t\t\theight=\"300\"\n\t\t\t\t\tloading=\"lazy\"\n\t\t\t\t><\/embed>\n\t\t\t<\/div>\n\t\t\t\n\n\n<blockquote class=\"wp-block-quote is-layout-flow wp-block-quote-is-layout-flow\">\n<p><strong>Mestsk\u00fd trh\u00edk v parku<\/strong> &#8211; podujatie sa organizuje v Mestskom parku J.M.Hurbana v Novom Meste nad V\u00e1hom &#8211; Hurbanove sady<\/p>\n\n\n\n<figure class=\"wp-block-image size-large\"><img loading=\"lazy\" decoding=\"async\" width=\"1024\" height=\"683\" src=\"https:\/\/www.mestskytrhik.sk\/cms\/wp-content\/uploads\/2025\/04\/trhik24-281-1024x683.jpg\" alt=\"\" class=\"wp-image-2640\" srcset=\"https:\/\/www.mestskytrhik.sk\/cms\/wp-content\/uploads\/2025\/04\/trhik24-281-1024x683.jpg 1024w, https:\/\/www.mestskytrhik.sk\/cms\/wp-content\/uploads\/2025\/04\/trhik24-281-300x200.jpg 300w, https:\/\/www.mestskytrhik.sk\/cms\/wp-content\/uploads\/2025\/04\/trhik24-281-768x512.jpg 768w, https:\/\/www.mestskytrhik.sk\/cms\/wp-content\/uploads\/2025\/04\/trhik24-281-1536x1024.jpg 1536w, https:\/\/www.mestskytrhik.sk\/cms\/wp-content\/uploads\/2025\/04\/trhik24-281-2048x1366.jpg 2048w, https:\/\/www.mestskytrhik.sk\/cms\/wp-content\/uploads\/2025\/04\/trhik24-281-1200x800.jpg 1200w, https:\/\/www.mestskytrhik.sk\/cms\/wp-content\/uploads\/2025\/04\/trhik24-281-1980x1320.jpg 1980w\" sizes=\"auto, (max-width: 1024px) 100vw, 1024px\" \/><\/figure>\n\n\n\n<p><strong>Zimn\u00fd Mestsk\u00fd trh\u00edk <\/strong>&#8211; podujatie sa organizuje v r\u00e1mci Adventn\u00fdch potuliek mesta v Novom Meste nad V\u00e1hom, ktor\u00e9 organizuje Mestsk\u00e9 kult\u00farne stredisko, tak\u017ee prebieha pred MsKS.<\/p>\n\n\n\n<figure class=\"wp-block-image size-large\"><img loading=\"lazy\" decoding=\"async\" width=\"1024\" height=\"683\" src=\"https:\/\/www.mestskytrhik.sk\/cms\/wp-content\/uploads\/2025\/01\/vianocny-trhik-104-1024x683.jpg\" alt=\"\" class=\"wp-image-2592\" srcset=\"https:\/\/www.mestskytrhik.sk\/cms\/wp-content\/uploads\/2025\/01\/vianocny-trhik-104-1024x683.jpg 1024w, https:\/\/www.mestskytrhik.sk\/cms\/wp-content\/uploads\/2025\/01\/vianocny-trhik-104-300x200.jpg 300w, https:\/\/www.mestskytrhik.sk\/cms\/wp-content\/uploads\/2025\/01\/vianocny-trhik-104-768x512.jpg 768w, https:\/\/www.mestskytrhik.sk\/cms\/wp-content\/uploads\/2025\/01\/vianocny-trhik-104-1536x1024.jpg 1536w, https:\/\/www.mestskytrhik.sk\/cms\/wp-content\/uploads\/2025\/01\/vianocny-trhik-104-1200x800.jpg 1200w, https:\/\/www.mestskytrhik.sk\/cms\/wp-content\/uploads\/2025\/01\/vianocny-trhik-104.jpg 1800w\" sizes=\"auto, (max-width: 1024px) 100vw, 1024px\" \/><\/figure>\n<\/blockquote>\n\n\n\n<pre class=\"wp-block-preformatted\">Tento web spravuje:\n<strong><mark style=\"background-color:#51623b\" class=\"has-inline-color has-background-color\">Ateli\u00e9r n\u00e1padov o.z.\nZelen\u00e1 2022\/10\n915 01 Nov\u00e9 Mesto nad V\u00e1hom\nI\u010cO: 42278511<\/mark><\/strong><\/pre>\n\n\n\n<figure class=\"wp-block-image size-large\"><img loading=\"lazy\" decoding=\"async\" width=\"1024\" height=\"660\" src=\"https:\/\/www.mestskytrhik.sk\/cms\/wp-content\/uploads\/2025\/01\/v.okamihu-111-scaled-e1737315592155-1024x660.jpg\" alt=\"Komunitn\u00e9 podujatie Mestsk\u00fd trh\u00edk a jej organiz\u00e1torky.\" class=\"wp-image-2578\" srcset=\"https:\/\/www.mestskytrhik.sk\/cms\/wp-content\/uploads\/2025\/01\/v.okamihu-111-scaled-e1737315592155-1024x660.jpg 1024w, https:\/\/www.mestskytrhik.sk\/cms\/wp-content\/uploads\/2025\/01\/v.okamihu-111-scaled-e1737315592155-300x193.jpg 300w, https:\/\/www.mestskytrhik.sk\/cms\/wp-content\/uploads\/2025\/01\/v.okamihu-111-scaled-e1737315592155-768x495.jpg 768w, https:\/\/www.mestskytrhik.sk\/cms\/wp-content\/uploads\/2025\/01\/v.okamihu-111-scaled-e1737315592155-1536x990.jpg 1536w, https:\/\/www.mestskytrhik.sk\/cms\/wp-content\/uploads\/2025\/01\/v.okamihu-111-scaled-e1737315592155-1200x773.jpg 1200w, https:\/\/www.mestskytrhik.sk\/cms\/wp-content\/uploads\/2025\/01\/v.okamihu-111-scaled-e1737315592155.jpg 1707w\" sizes=\"auto, (max-width: 1024px) 100vw, 1024px\" \/><figcaption class=\"wp-element-caption\">Organiz\u00e1torky podujatia<\/figcaption><\/figure>\n","protected":false},"excerpt":{"rendered":"<p>kontaktujte n\u00e1s tu: mestskytrhik@gmail.com Tento web spravuje: Ateli\u00e9r n\u00e1padov o.z. Zelen\u00e1 2022\/10 915 01 Nov\u00e9 Mesto nad V\u00e1hom I\u010cO: 42278511<\/p>\n","protected":false},"author":1,"featured_media":0,"parent":0,"menu_order":0,"comment_status":"closed","ping_status":"closed","template":"","meta":{"_uag_custom_page_level_css":"","_monsterinsights_skip_tracking":false,"_monsterinsights_sitenote_active":false,"_monsterinsights_sitenote_note":"","_monsterinsights_sitenote_category":0,"ngg_post_thumbnail":0,"footnotes":""},"class_list":["post-8","page","type-page","status-publish","hentry"],"yoast_head":"<!-- This site is optimized with the Yoast SEO plugin v27.5 - https:\/\/yoast.com\/product\/yoast-seo-wordpress\/ -->\n<title>Kontakt - Mestsk\u00fd trh\u00edk<\/title>\n<meta name=\"description\" content=\"Podujatie Mestsk\u00fd trh\u00edk organizuje OZ Ateli\u00e9r n\u00e1padov v Novom Meste nad V\u00e1hom. Kontakt mestskytrhik@gmail.com.\" \/>\n<meta name=\"robots\" content=\"index, follow, max-snippet:-1, max-image-preview:large, max-video-preview:-1\" \/>\n<link rel=\"canonical\" href=\"https:\/\/www.mestskytrhik.sk\/cms\/kontakt\/\" \/>\n<meta property=\"og:locale\" content=\"sk_SK\" \/>\n<meta property=\"og:type\" content=\"article\" \/>\n<meta property=\"og:title\" content=\"Kontakt - Mestsk\u00fd trh\u00edk\" \/>\n<meta property=\"og:description\" content=\"Podujatie Mestsk\u00fd trh\u00edk organizuje OZ Ateli\u00e9r n\u00e1padov v Novom Meste nad V\u00e1hom. Kontakt mestskytrhik@gmail.com.\" \/>\n<meta property=\"og:url\" content=\"https:\/\/www.mestskytrhik.sk\/cms\/kontakt\/\" \/>\n<meta property=\"og:site_name\" content=\"Mestsk\u00fd trh\u00edk\" \/>\n<meta property=\"article:publisher\" content=\"https:\/\/www.facebook.com\/mestskytrhik\" \/>\n<meta property=\"article:modified_time\" content=\"2025-04-25T22:09:10+00:00\" \/>\n<meta property=\"og:image\" content=\"https:\/\/www.mestskytrhik.sk\/cms\/wp-content\/uploads\/2025\/04\/trhik24-281.jpg\" \/>\n\t<meta property=\"og:image:width\" content=\"2560\" \/>\n\t<meta property=\"og:image:height\" content=\"1707\" \/>\n\t<meta property=\"og:image:type\" content=\"image\/jpeg\" \/>\n<meta name=\"twitter:card\" content=\"summary_large_image\" \/>\n<meta name=\"twitter:label1\" content=\"Predpokladan\u00fd \u010das \u010d\u00edtania\" \/>\n\t<meta name=\"twitter:data1\" content=\"1 min\u00fata\" \/>\n<script type=\"application\/ld+json\" class=\"yoast-schema-graph\">{\"@context\":\"https:\\\/\\\/schema.org\",\"@graph\":[{\"@type\":\"WebPage\",\"@id\":\"https:\\\/\\\/www.mestskytrhik.sk\\\/cms\\\/kontakt\\\/\",\"url\":\"https:\\\/\\\/www.mestskytrhik.sk\\\/cms\\\/kontakt\\\/\",\"name\":\"Kontakt - Mestsk\u00fd trh\u00edk\",\"isPartOf\":{\"@id\":\"https:\\\/\\\/www.mestskytrhik.sk\\\/cms\\\/#website\"},\"primaryImageOfPage\":{\"@id\":\"https:\\\/\\\/www.mestskytrhik.sk\\\/cms\\\/kontakt\\\/#primaryimage\"},\"image\":{\"@id\":\"https:\\\/\\\/www.mestskytrhik.sk\\\/cms\\\/kontakt\\\/#primaryimage\"},\"thumbnailUrl\":\"https:\\\/\\\/www.mestskytrhik.sk\\\/cms\\\/wp-content\\\/uploads\\\/2025\\\/04\\\/trhik24-281-1024x683.jpg\",\"datePublished\":\"2022-10-04T06:58:32+00:00\",\"dateModified\":\"2025-04-25T22:09:10+00:00\",\"description\":\"Podujatie Mestsk\u00fd trh\u00edk organizuje OZ Ateli\u00e9r n\u00e1padov v Novom Meste nad V\u00e1hom. Kontakt mestskytrhik@gmail.com.\",\"breadcrumb\":{\"@id\":\"https:\\\/\\\/www.mestskytrhik.sk\\\/cms\\\/kontakt\\\/#breadcrumb\"},\"inLanguage\":\"sk-SK\",\"potentialAction\":[{\"@type\":\"ReadAction\",\"target\":[\"https:\\\/\\\/www.mestskytrhik.sk\\\/cms\\\/kontakt\\\/\"]}]},{\"@type\":\"ImageObject\",\"inLanguage\":\"sk-SK\",\"@id\":\"https:\\\/\\\/www.mestskytrhik.sk\\\/cms\\\/kontakt\\\/#primaryimage\",\"url\":\"https:\\\/\\\/www.mestskytrhik.sk\\\/cms\\\/wp-content\\\/uploads\\\/2025\\\/04\\\/trhik24-281.jpg\",\"contentUrl\":\"https:\\\/\\\/www.mestskytrhik.sk\\\/cms\\\/wp-content\\\/uploads\\\/2025\\\/04\\\/trhik24-281.jpg\",\"width\":2560,\"height\":1707},{\"@type\":\"BreadcrumbList\",\"@id\":\"https:\\\/\\\/www.mestskytrhik.sk\\\/cms\\\/kontakt\\\/#breadcrumb\",\"itemListElement\":[{\"@type\":\"ListItem\",\"position\":1,\"name\":\"Home\",\"item\":\"https:\\\/\\\/www.mestskytrhik.sk\\\/cms\\\/\"},{\"@type\":\"ListItem\",\"position\":2,\"name\":\"Kontakt\"}]},{\"@type\":\"WebSite\",\"@id\":\"https:\\\/\\\/www.mestskytrhik.sk\\\/cms\\\/#website\",\"url\":\"https:\\\/\\\/www.mestskytrhik.sk\\\/cms\\\/\",\"name\":\"Mestsk\u00fd trh\u00edk\",\"description\":\"o\u017eivuje verejn\u00fd priestor a podporuje lok\u00e1lnu tvorbu\",\"publisher\":{\"@id\":\"https:\\\/\\\/www.mestskytrhik.sk\\\/cms\\\/#organization\"},\"alternateName\":\"o\u017eivuje verejn\u00fd priestor a podporuje lok\u00e1lnu tvorbu\",\"potentialAction\":[{\"@type\":\"SearchAction\",\"target\":{\"@type\":\"EntryPoint\",\"urlTemplate\":\"https:\\\/\\\/www.mestskytrhik.sk\\\/cms\\\/?s={search_term_string}\"},\"query-input\":{\"@type\":\"PropertyValueSpecification\",\"valueRequired\":true,\"valueName\":\"search_term_string\"}}],\"inLanguage\":\"sk-SK\"},{\"@type\":\"Organization\",\"@id\":\"https:\\\/\\\/www.mestskytrhik.sk\\\/cms\\\/#organization\",\"name\":\"Mestsk\u00fd trh\u00edk\",\"alternateName\":\"Komunita\",\"url\":\"https:\\\/\\\/www.mestskytrhik.sk\\\/cms\\\/\",\"logo\":{\"@type\":\"ImageObject\",\"inLanguage\":\"sk-SK\",\"@id\":\"https:\\\/\\\/www.mestskytrhik.sk\\\/cms\\\/#\\\/schema\\\/logo\\\/image\\\/\",\"url\":\"https:\\\/\\\/www.mestskytrhik.sk\\\/cms\\\/wp-content\\\/uploads\\\/2024\\\/12\\\/cropped-Logo.jpg\",\"contentUrl\":\"https:\\\/\\\/www.mestskytrhik.sk\\\/cms\\\/wp-content\\\/uploads\\\/2024\\\/12\\\/cropped-Logo.jpg\",\"width\":939,\"height\":816,\"caption\":\"Mestsk\u00fd trh\u00edk\"},\"image\":{\"@id\":\"https:\\\/\\\/www.mestskytrhik.sk\\\/cms\\\/#\\\/schema\\\/logo\\\/image\\\/\"},\"sameAs\":[\"https:\\\/\\\/www.facebook.com\\\/mestskytrhik\",\"https:\\\/\\\/www.instagram.com\\\/mestsky_trhik\\\/\"]}]}<\/script>\n<!-- \/ Yoast SEO plugin. -->","yoast_head_json":{"title":"Kontakt - Mestsk\u00fd trh\u00edk","description":"Podujatie Mestsk\u00fd trh\u00edk organizuje OZ Ateli\u00e9r n\u00e1padov v Novom Meste nad V\u00e1hom. Kontakt mestskytrhik@gmail.com.","robots":{"index":"index","follow":"follow","max-snippet":"max-snippet:-1","max-image-preview":"max-image-preview:large","max-video-preview":"max-video-preview:-1"},"canonical":"https:\/\/www.mestskytrhik.sk\/cms\/kontakt\/","og_locale":"sk_SK","og_type":"article","og_title":"Kontakt - Mestsk\u00fd trh\u00edk","og_description":"Podujatie Mestsk\u00fd trh\u00edk organizuje OZ Ateli\u00e9r n\u00e1padov v Novom Meste nad V\u00e1hom. Kontakt mestskytrhik@gmail.com.","og_url":"https:\/\/www.mestskytrhik.sk\/cms\/kontakt\/","og_site_name":"Mestsk\u00fd trh\u00edk","article_publisher":"https:\/\/www.facebook.com\/mestskytrhik","article_modified_time":"2025-04-25T22:09:10+00:00","og_image":[{"width":2560,"height":1707,"url":"https:\/\/www.mestskytrhik.sk\/cms\/wp-content\/uploads\/2025\/04\/trhik24-281.jpg","type":"image\/jpeg"}],"twitter_card":"summary_large_image","twitter_misc":{"Predpokladan\u00fd \u010das \u010d\u00edtania":"1 min\u00fata"},"schema":{"@context":"https:\/\/schema.org","@graph":[{"@type":"WebPage","@id":"https:\/\/www.mestskytrhik.sk\/cms\/kontakt\/","url":"https:\/\/www.mestskytrhik.sk\/cms\/kontakt\/","name":"Kontakt - Mestsk\u00fd trh\u00edk","isPartOf":{"@id":"https:\/\/www.mestskytrhik.sk\/cms\/#website"},"primaryImageOfPage":{"@id":"https:\/\/www.mestskytrhik.sk\/cms\/kontakt\/#primaryimage"},"image":{"@id":"https:\/\/www.mestskytrhik.sk\/cms\/kontakt\/#primaryimage"},"thumbnailUrl":"https:\/\/www.mestskytrhik.sk\/cms\/wp-content\/uploads\/2025\/04\/trhik24-281-1024x683.jpg","datePublished":"2022-10-04T06:58:32+00:00","dateModified":"2025-04-25T22:09:10+00:00","description":"Podujatie Mestsk\u00fd trh\u00edk organizuje OZ Ateli\u00e9r n\u00e1padov v Novom Meste nad V\u00e1hom. Kontakt mestskytrhik@gmail.com.","breadcrumb":{"@id":"https:\/\/www.mestskytrhik.sk\/cms\/kontakt\/#breadcrumb"},"inLanguage":"sk-SK","potentialAction":[{"@type":"ReadAction","target":["https:\/\/www.mestskytrhik.sk\/cms\/kontakt\/"]}]},{"@type":"ImageObject","inLanguage":"sk-SK","@id":"https:\/\/www.mestskytrhik.sk\/cms\/kontakt\/#primaryimage","url":"https:\/\/www.mestskytrhik.sk\/cms\/wp-content\/uploads\/2025\/04\/trhik24-281.jpg","contentUrl":"https:\/\/www.mestskytrhik.sk\/cms\/wp-content\/uploads\/2025\/04\/trhik24-281.jpg","width":2560,"height":1707},{"@type":"BreadcrumbList","@id":"https:\/\/www.mestskytrhik.sk\/cms\/kontakt\/#breadcrumb","itemListElement":[{"@type":"ListItem","position":1,"name":"Home","item":"https:\/\/www.mestskytrhik.sk\/cms\/"},{"@type":"ListItem","position":2,"name":"Kontakt"}]},{"@type":"WebSite","@id":"https:\/\/www.mestskytrhik.sk\/cms\/#website","url":"https:\/\/www.mestskytrhik.sk\/cms\/","name":"Mestsk\u00fd trh\u00edk","description":"o\u017eivuje verejn\u00fd priestor a podporuje lok\u00e1lnu tvorbu","publisher":{"@id":"https:\/\/www.mestskytrhik.sk\/cms\/#organization"},"alternateName":"o\u017eivuje verejn\u00fd priestor a podporuje lok\u00e1lnu tvorbu","potentialAction":[{"@type":"SearchAction","target":{"@type":"EntryPoint","urlTemplate":"https:\/\/www.mestskytrhik.sk\/cms\/?s={search_term_string}"},"query-input":{"@type":"PropertyValueSpecification","valueRequired":true,"valueName":"search_term_string"}}],"inLanguage":"sk-SK"},{"@type":"Organization","@id":"https:\/\/www.mestskytrhik.sk\/cms\/#organization","name":"Mestsk\u00fd trh\u00edk","alternateName":"Komunita","url":"https:\/\/www.mestskytrhik.sk\/cms\/","logo":{"@type":"ImageObject","inLanguage":"sk-SK","@id":"https:\/\/www.mestskytrhik.sk\/cms\/#\/schema\/logo\/image\/","url":"https:\/\/www.mestskytrhik.sk\/cms\/wp-content\/uploads\/2024\/12\/cropped-Logo.jpg","contentUrl":"https:\/\/www.mestskytrhik.sk\/cms\/wp-content\/uploads\/2024\/12\/cropped-Logo.jpg","width":939,"height":816,"caption":"Mestsk\u00fd trh\u00edk"},"image":{"@id":"https:\/\/www.mestskytrhik.sk\/cms\/#\/schema\/logo\/image\/"},"sameAs":["https:\/\/www.facebook.com\/mestskytrhik","https:\/\/www.instagram.com\/mestsky_trhik\/"]}]}},"uagb_featured_image_src":{"full":false,"thumbnail":false,"medium":false,"medium_large":false,"large":false,"1536x1536":false,"2048x2048":false,"post-thumbnail":false,"twentytwenty-fullscreen":false},"uagb_author_info":{"display_name":"Organiz\u00e1tor","author_link":"https:\/\/www.mestskytrhik.sk\/cms\/author\/admin\/"},"uagb_comment_info":0,"uagb_excerpt":"kontaktujte n\u00e1s tu: mestskytrhik@gmail.com Tento web spravuje: Ateli\u00e9r n\u00e1padov o.z. Zelen\u00e1 2022\/10 915 01 Nov\u00e9 Mesto nad V\u00e1hom I\u010cO: 42278511","_links":{"self":[{"href":"https:\/\/www.mestskytrhik.sk\/cms\/wp-json\/wp\/v2\/pages\/8","targetHints":{"allow":["GET"]}}],"collection":[{"href":"https:\/\/www.mestskytrhik.sk\/cms\/wp-json\/wp\/v2\/pages"}],"about":[{"href":"https:\/\/www.mestskytrhik.sk\/cms\/wp-json\/wp\/v2\/types\/page"}],"author":[{"embeddable":true,"href":"https:\/\/www.mestskytrhik.sk\/cms\/wp-json\/wp\/v2\/users\/1"}],"replies":[{"embeddable":true,"href":"https:\/\/www.mestskytrhik.sk\/cms\/wp-json\/wp\/v2\/comments?post=8"}],"version-history":[{"count":5,"href":"https:\/\/www.mestskytrhik.sk\/cms\/wp-json\/wp\/v2\/pages\/8\/revisions"}],"predecessor-version":[{"id":2654,"href":"https:\/\/www.mestskytrhik.sk\/cms\/wp-json\/wp\/v2\/pages\/8\/revisions\/2654"}],"wp:attachment":[{"href":"https:\/\/www.mestskytrhik.sk\/cms\/wp-json\/wp\/v2\/media?parent=8"}],"curies":[{"name":"wp","href":"https:\/\/api.w.org\/{rel}","templated":true}]}}