{"id":2662,"date":"2025-05-03T14:49:12","date_gmt":"2025-05-03T12:49:12","guid":{"rendered":"https:\/\/www.mestskytrhik.sk\/cms\/?page_id=2662"},"modified":"2026-02-25T20:50:24","modified_gmt":"2026-02-25T19:50:24","slug":"dobrovolnictvo","status":"publish","type":"page","link":"https:\/\/www.mestskytrhik.sk\/cms\/dobrovolnictvo\/","title":{"rendered":"Dobrovo\u013en\u00edctvo"},"content":{"rendered":"\n<h2 class=\"wp-block-heading\">\ud83d\udd38 Sta\u0148 sa dobrovo\u013en\u00edkom na Mestskom trh\u00edku 2026!<\/h2>\n\n\n\n<blockquote class=\"wp-block-quote is-layout-flow wp-block-quote-is-layout-flow\">\n<p><strong>Mestsk\u00fd trh\u00edk<\/strong> je komunitn\u00e9 podujatie pln\u00e9 tvorivosti, lok\u00e1lnej energie a dobrej n\u00e1lady. Tento rok sa u\u017e uskuto\u010dnilo podujatie <strong>FESTMESTO<\/strong> &#8211; <strong>23. m\u00e1ja 2026 v mestskom parku v Novom Meste nad V\u00e1hom<\/strong> a op\u00e4\u0165 prinieslo mno\u017estvo zauj\u00edmav\u00fdch z\u00f3n \u2013 od handmade trhu cez jedlo, hudbu a detsk\u00fd program a\u017e po eduka\u010dn\u00e9 aktivity.<\/p>\n\n\n\n<p>Nasleduj\u00face je <strong>6.12.2026 &#8211; Adventn\u00e9 potulky mestom.<\/strong><\/p>\n<\/blockquote>\n\n\n\n<p>Dobrovo\u013en\u00edctvo je d\u00f4le\u017eit\u00e9, aby v\u0161etko prebehlo hladko, h\u013ead\u00e1me <strong>dobrovo\u013en\u00edkov, ktor\u00ed n\u00e1m pom\u00f4\u017eu s organiz\u00e1ciou<\/strong> a vytvoria spolu s nami podujatie s jedine\u010dnou atmosf\u00e9rou a bud\u00fa ma\u0165 tak\u00e9to kr\u00e1sne fotky z podujatia \ud83d\ude42<\/p>\n\n\n\n<div class=\"wp-block-columns alignwide is-layout-flex wp-container-core-columns-is-layout-9d6595d7 wp-block-columns-is-layout-flex\">\n<div class=\"wp-block-column is-layout-flow wp-block-column-is-layout-flow\">\n<figure class=\"wp-block-image size-large\"><img loading=\"lazy\" decoding=\"async\" width=\"683\" height=\"1024\" src=\"https:\/\/www.mestskytrhik.sk\/cms\/wp-content\/uploads\/2023\/12\/trhik23-28-683x1024.jpg\" alt=\"\" class=\"wp-image-2024\" srcset=\"https:\/\/www.mestskytrhik.sk\/cms\/wp-content\/uploads\/2023\/12\/trhik23-28-683x1024.jpg 683w, https:\/\/www.mestskytrhik.sk\/cms\/wp-content\/uploads\/2023\/12\/trhik23-28-200x300.jpg 200w, https:\/\/www.mestskytrhik.sk\/cms\/wp-content\/uploads\/2023\/12\/trhik23-28-768x1152.jpg 768w, https:\/\/www.mestskytrhik.sk\/cms\/wp-content\/uploads\/2023\/12\/trhik23-28-1024x1536.jpg 1024w, https:\/\/www.mestskytrhik.sk\/cms\/wp-content\/uploads\/2023\/12\/trhik23-28.jpg 1067w\" sizes=\"auto, (max-width: 683px) 100vw, 683px\" \/><\/figure>\n<\/div>\n\n\n\n<div class=\"wp-block-column is-layout-flow wp-block-column-is-layout-flow\">\n<figure class=\"wp-block-image size-large\"><img loading=\"lazy\" decoding=\"async\" width=\"683\" height=\"1024\" src=\"https:\/\/www.mestskytrhik.sk\/cms\/wp-content\/uploads\/2023\/12\/trhik23-30-683x1024.jpg\" alt=\"\" class=\"wp-image-2026\" srcset=\"https:\/\/www.mestskytrhik.sk\/cms\/wp-content\/uploads\/2023\/12\/trhik23-30-683x1024.jpg 683w, https:\/\/www.mestskytrhik.sk\/cms\/wp-content\/uploads\/2023\/12\/trhik23-30-200x300.jpg 200w, https:\/\/www.mestskytrhik.sk\/cms\/wp-content\/uploads\/2023\/12\/trhik23-30-768x1152.jpg 768w, https:\/\/www.mestskytrhik.sk\/cms\/wp-content\/uploads\/2023\/12\/trhik23-30-1024x1536.jpg 1024w, https:\/\/www.mestskytrhik.sk\/cms\/wp-content\/uploads\/2023\/12\/trhik23-30.jpg 1067w\" sizes=\"auto, (max-width: 683px) 100vw, 683px\" \/><\/figure>\n<\/div>\n\n\n\n<div class=\"wp-block-column is-layout-flow wp-block-column-is-layout-flow\">\n<figure class=\"wp-block-image size-large\"><img loading=\"lazy\" decoding=\"async\" width=\"683\" height=\"1024\" src=\"https:\/\/www.mestskytrhik.sk\/cms\/wp-content\/uploads\/2023\/12\/trhik23-26-683x1024.jpg\" alt=\"\" class=\"wp-image-2022\" srcset=\"https:\/\/www.mestskytrhik.sk\/cms\/wp-content\/uploads\/2023\/12\/trhik23-26-683x1024.jpg 683w, https:\/\/www.mestskytrhik.sk\/cms\/wp-content\/uploads\/2023\/12\/trhik23-26-200x300.jpg 200w, https:\/\/www.mestskytrhik.sk\/cms\/wp-content\/uploads\/2023\/12\/trhik23-26-768x1152.jpg 768w, https:\/\/www.mestskytrhik.sk\/cms\/wp-content\/uploads\/2023\/12\/trhik23-26-1024x1536.jpg 1024w, https:\/\/www.mestskytrhik.sk\/cms\/wp-content\/uploads\/2023\/12\/trhik23-26.jpg 1067w\" sizes=\"auto, (max-width: 683px) 100vw, 683px\" \/><\/figure>\n<\/div>\n<\/div>\n\n\n\n<div class=\"wp-block-columns alignwide has-subtle-background-background-color has-background is-layout-flex wp-container-core-columns-is-layout-9d6595d7 wp-block-columns-is-layout-flex\">\n<div class=\"wp-block-column is-layout-flow wp-block-column-is-layout-flow\">\n<h3 class=\"wp-block-heading\">\ud83d\udc9b Koho h\u013ead\u00e1me?<\/h3>\n\n\n\n<p>\u00daplne ka\u017ed\u00e9ho, kto:<\/p>\n\n\n\n<ul class=\"wp-block-list\">\n<li>m\u00e1 chu\u0165 zapoji\u0165 sa do zmysluplnej aktivity<\/li>\n\n\n\n<li>r\u00e1d komunikuje s \u013eu\u010fmi alebo m\u00e1 organiza\u010dn\u00fd talent<\/li>\n\n\n\n<li>chce spozna\u0165 nov\u00fdch \u013eud\u00ed a za\u017ei\u0165 komunitu v praxi<\/li>\n\n\n\n<li>m\u00e1 r\u00e1d tvorivos\u0165, udr\u017eate\u013enos\u0165 a spolo\u010densk\u00fd \u017eivot<\/li>\n<\/ul>\n<\/div>\n\n\n\n<div class=\"wp-block-column is-layout-flow wp-block-column-is-layout-flow\">\n<h3 class=\"wp-block-heading\">\ud83d\udee0\ufe0fS \u010d\u00edm m\u00f4\u017ee\u0161 pom\u00f4c\u0165?<\/h3>\n\n\n\n<ul class=\"wp-block-list\">\n<li>pr\u00edprava are\u00e1lu pred podujat\u00edm<\/li>\n\n\n\n<li>organiz\u00e1cia po\u010das d\u0148a \u2013 pomoc pri st\u00e1nkoch, navig\u00e1cia n\u00e1v\u0161tevn\u00edkov, info z\u00f3na<\/li>\n\n\n\n<li>starostlivos\u0165 o z\u00f3ny (detsk\u00e1, oddychov\u00e1, workshopov\u00e1)<\/li>\n\n\n\n<li>technick\u00e9 zabezpe\u010denie (pren\u00e1\u0161anie, montovanie, upratovanie)<\/li>\n\n\n\n<li>pomoc pri balen\u00ed po skon\u010den\u00ed podujatia<\/li>\n<\/ul>\n\n\n\n<p>Dobrovo\u013en\u00edctvo &#8211; Ka\u017ed\u00fd dobrovo\u013en\u00edk je pre n\u00e1s d\u00f4le\u017eit\u00fd. Nie s\u00fa potrebn\u00e9 \u017eiadne \u0161peci\u00e1lne sk\u00fasenosti \u2013 len chu\u0165 pom\u00f4c\u0165 a dobr\u00e1 n\u00e1lada. \ud83d\ude0a<\/p>\n<\/div>\n\n\n\n<div class=\"wp-block-column is-layout-flow wp-block-column-is-layout-flow\">\n<h3 class=\"wp-block-heading\">\ud83d\udce9 Ako sa zapoji\u0165?<\/h3>\n\n\n\n<p>Sta\u010d\u00ed n\u00e1m nap\u00edsa\u0165 mail, alebo spr\u00e1vu cez Instagram, \u010di FB \ud83d\ude42<\/p>\n\n\n\n<p>Ozveme sa ti s \u010fal\u0161\u00edmi detailmi. Pre dobrovo\u013en\u00edkov v priebehu cel\u00e9ho d\u0148a zabezpe\u010den\u00e9 ob\u010derstvenie\ud83d\udcab<\/p>\n<\/div>\n<\/div>\n\n\n\n<h2 class=\"wp-block-heading\">Dobrovo\u013en\u00edctvo a my \ud83d\ude42<\/h2>\n\n\n\n<p>Aj my sme dobrovo\u013en\u00ed\u010dky, za \u010do sme si zasl\u00fa\u017eili ocenenie:<\/p>\n\n\n\n<h2 class=\"wp-block-heading has-secondary-background-color has-background has-larger-font-size\"><strong>SRDCE NA DLANI 2024<\/strong><\/h2>\n\n\n\n<h4 class=\"wp-block-heading\" id=\"headline-256-148\">PROJEKT\/DOBROVO\u013dN\u00cdCKY PROGRAM<\/h4>\n\n\n\n<p>MESTSK\u00dd TRH\u00cdK &#8211; komunitn\u00e9 podujatie organizovan\u00e9 OZ Dobre v meste a OZ Ateli\u00e9r n\u00e1padov<\/p>\n\n\n\n<p><strong>Ocenenie odovzd\u00e1val:<\/strong><br>Ing. J\u00e1n Sudzina &#8211; Riadite\u013e&nbsp; Kreat\u00edvneho in\u0161tit\u00fatu Tren\u010d\u00edn &#8211; v zast\u00fapen\u00ed<\/p>\n\n\n\n<div class=\"wp-block-uagb-image uagb-block-a18b6bc7 wp-block-uagb-image--layout-default wp-block-uagb-image--effect-static wp-block-uagb-image--align-none\"><figure class=\"wp-block-uagb-image__figure\"><img decoding=\"async\" srcset=\"https:\/\/www.mestskytrhik.sk\/cms\/wp-content\/uploads\/2025\/05\/DSC09724-1024x683.jpg ,https:\/\/www.mestskytrhik.sk\/cms\/wp-content\/uploads\/2025\/05\/DSC09724.jpg 780w, https:\/\/www.mestskytrhik.sk\/cms\/wp-content\/uploads\/2025\/05\/DSC09724.jpg 360w\" sizes=\"auto, (max-width: 480px) 150px\" src=\"https:\/\/www.mestskytrhik.sk\/cms\/wp-content\/uploads\/2025\/05\/DSC09724-1024x683.jpg\" alt=\"Srdce na dlani \" class=\"uag-image-2665\" width=\"1920\" height=\"1280\" title=\"DSC09724\" loading=\"lazy\" role=\"img\"\/><\/figure><\/div>\n\n\n\n<figure class=\"wp-block-embed is-type-video is-provider-youtube wp-block-embed-youtube wp-embed-aspect-16-9 wp-has-aspect-ratio\"><div class=\"wp-block-embed__wrapper\">\n<iframe loading=\"lazy\" title=\"SRDCE NA DLANI 2024 - Tren\u010diansky kraj\" width=\"580\" height=\"326\" src=\"https:\/\/www.youtube.com\/embed\/D0PYiSCUGaU?start=6&#038;feature=oembed\" frameborder=\"0\" allow=\"accelerometer; autoplay; clipboard-write; encrypted-media; gyroscope; picture-in-picture; web-share\" referrerpolicy=\"strict-origin-when-cross-origin\" allowfullscreen><\/iframe>\n<\/div><\/figure>\n\n\n\n<h2 class=\"wp-block-heading\">\u010eakujeme<\/h2>\n","protected":false},"excerpt":{"rendered":"<p>\ud83d\udd38 Sta\u0148 sa dobrovo\u013en\u00edkom na Mestskom trh\u00edku 2026! Mestsk\u00fd trh\u00edk je komunitn\u00e9 podujatie pln\u00e9 tvorivosti, lok\u00e1lnej energie a dobrej n\u00e1lady. Tento rok sa u\u017e uskuto\u010dnilo podujatie FESTMESTO &#8211; 23. m\u00e1ja [&hellip;]<\/p>\n","protected":false},"author":1,"featured_media":2664,"parent":0,"menu_order":0,"comment_status":"closed","ping_status":"closed","template":"","meta":{"_uag_custom_page_level_css":"","_monsterinsights_skip_tracking":false,"_monsterinsights_sitenote_active":false,"_monsterinsights_sitenote_note":"","_monsterinsights_sitenote_category":0,"ngg_post_thumbnail":0,"footnotes":""},"class_list":["post-2662","page","type-page","status-publish","has-post-thumbnail","hentry"],"yoast_head":"<!-- This site is optimized with the Yoast SEO plugin v27.5 - https:\/\/yoast.com\/product\/yoast-seo-wordpress\/ -->\n<title>Dobrovo\u013en\u00edctvo - Mestsk\u00fd trh\u00edk<\/title>\n<meta name=\"description\" content=\"Zapoj sa ako dobrovo\u013en\u00edk a prispej k lep\u0161iemu mestu. Dobrovo\u013en\u00edctvo - objav silu komunity, pom\u00e1haj a u\u010d sa nov\u00e9 veci.\" \/>\n<meta name=\"robots\" content=\"index, follow, max-snippet:-1, max-image-preview:large, max-video-preview:-1\" \/>\n<link rel=\"canonical\" href=\"https:\/\/www.mestskytrhik.sk\/cms\/dobrovolnictvo\/\" \/>\n<meta property=\"og:locale\" content=\"sk_SK\" \/>\n<meta property=\"og:type\" content=\"article\" \/>\n<meta property=\"og:title\" content=\"Dobrovo\u013en\u00edctvo - Mestsk\u00fd trh\u00edk\" \/>\n<meta property=\"og:description\" content=\"Zapoj sa ako dobrovo\u013en\u00edk a prispej k lep\u0161iemu mestu. Dobrovo\u013en\u00edctvo - objav silu komunity, pom\u00e1haj a u\u010d sa nov\u00e9 veci.\" \/>\n<meta property=\"og:url\" content=\"https:\/\/www.mestskytrhik.sk\/cms\/dobrovolnictvo\/\" \/>\n<meta property=\"og:site_name\" content=\"Mestsk\u00fd trh\u00edk\" \/>\n<meta property=\"article:publisher\" content=\"https:\/\/www.facebook.com\/mestskytrhik\" \/>\n<meta property=\"article:modified_time\" content=\"2026-02-25T19:50:24+00:00\" \/>\n<meta property=\"og:image\" content=\"https:\/\/www.mestskytrhik.sk\/cms\/wp-content\/uploads\/2025\/05\/DSC09620.jpg\" \/>\n\t<meta property=\"og:image:width\" content=\"1920\" \/>\n\t<meta property=\"og:image:height\" content=\"1280\" \/>\n\t<meta property=\"og:image:type\" content=\"image\/jpeg\" \/>\n<meta name=\"twitter:card\" content=\"summary_large_image\" \/>\n<meta name=\"twitter:label1\" content=\"Predpokladan\u00fd \u010das \u010d\u00edtania\" \/>\n\t<meta name=\"twitter:data1\" content=\"3 min\u00faty\" \/>\n<script type=\"application\/ld+json\" class=\"yoast-schema-graph\">{\"@context\":\"https:\\\/\\\/schema.org\",\"@graph\":[{\"@type\":\"WebPage\",\"@id\":\"https:\\\/\\\/www.mestskytrhik.sk\\\/cms\\\/dobrovolnictvo\\\/\",\"url\":\"https:\\\/\\\/www.mestskytrhik.sk\\\/cms\\\/dobrovolnictvo\\\/\",\"name\":\"Dobrovo\u013en\u00edctvo - Mestsk\u00fd trh\u00edk\",\"isPartOf\":{\"@id\":\"https:\\\/\\\/www.mestskytrhik.sk\\\/cms\\\/#website\"},\"primaryImageOfPage\":{\"@id\":\"https:\\\/\\\/www.mestskytrhik.sk\\\/cms\\\/dobrovolnictvo\\\/#primaryimage\"},\"image\":{\"@id\":\"https:\\\/\\\/www.mestskytrhik.sk\\\/cms\\\/dobrovolnictvo\\\/#primaryimage\"},\"thumbnailUrl\":\"https:\\\/\\\/www.mestskytrhik.sk\\\/cms\\\/wp-content\\\/uploads\\\/2025\\\/05\\\/DSC09620.jpg\",\"datePublished\":\"2025-05-03T12:49:12+00:00\",\"dateModified\":\"2026-02-25T19:50:24+00:00\",\"description\":\"Zapoj sa ako dobrovo\u013en\u00edk a prispej k lep\u0161iemu mestu. Dobrovo\u013en\u00edctvo - objav silu komunity, pom\u00e1haj a u\u010d sa nov\u00e9 veci.\",\"breadcrumb\":{\"@id\":\"https:\\\/\\\/www.mestskytrhik.sk\\\/cms\\\/dobrovolnictvo\\\/#breadcrumb\"},\"inLanguage\":\"sk-SK\",\"potentialAction\":[{\"@type\":\"ReadAction\",\"target\":[\"https:\\\/\\\/www.mestskytrhik.sk\\\/cms\\\/dobrovolnictvo\\\/\"]}]},{\"@type\":\"ImageObject\",\"inLanguage\":\"sk-SK\",\"@id\":\"https:\\\/\\\/www.mestskytrhik.sk\\\/cms\\\/dobrovolnictvo\\\/#primaryimage\",\"url\":\"https:\\\/\\\/www.mestskytrhik.sk\\\/cms\\\/wp-content\\\/uploads\\\/2025\\\/05\\\/DSC09620.jpg\",\"contentUrl\":\"https:\\\/\\\/www.mestskytrhik.sk\\\/cms\\\/wp-content\\\/uploads\\\/2025\\\/05\\\/DSC09620.jpg\",\"width\":1920,\"height\":1280},{\"@type\":\"BreadcrumbList\",\"@id\":\"https:\\\/\\\/www.mestskytrhik.sk\\\/cms\\\/dobrovolnictvo\\\/#breadcrumb\",\"itemListElement\":[{\"@type\":\"ListItem\",\"position\":1,\"name\":\"Home\",\"item\":\"https:\\\/\\\/www.mestskytrhik.sk\\\/cms\\\/\"},{\"@type\":\"ListItem\",\"position\":2,\"name\":\"Dobrovo\u013en\u00edctvo\"}]},{\"@type\":\"WebSite\",\"@id\":\"https:\\\/\\\/www.mestskytrhik.sk\\\/cms\\\/#website\",\"url\":\"https:\\\/\\\/www.mestskytrhik.sk\\\/cms\\\/\",\"name\":\"Mestsk\u00fd trh\u00edk\",\"description\":\"o\u017eivuje verejn\u00fd priestor a podporuje lok\u00e1lnu tvorbu\",\"publisher\":{\"@id\":\"https:\\\/\\\/www.mestskytrhik.sk\\\/cms\\\/#organization\"},\"alternateName\":\"o\u017eivuje verejn\u00fd priestor a podporuje lok\u00e1lnu tvorbu\",\"potentialAction\":[{\"@type\":\"SearchAction\",\"target\":{\"@type\":\"EntryPoint\",\"urlTemplate\":\"https:\\\/\\\/www.mestskytrhik.sk\\\/cms\\\/?s={search_term_string}\"},\"query-input\":{\"@type\":\"PropertyValueSpecification\",\"valueRequired\":true,\"valueName\":\"search_term_string\"}}],\"inLanguage\":\"sk-SK\"},{\"@type\":\"Organization\",\"@id\":\"https:\\\/\\\/www.mestskytrhik.sk\\\/cms\\\/#organization\",\"name\":\"Mestsk\u00fd trh\u00edk\",\"alternateName\":\"Komunita\",\"url\":\"https:\\\/\\\/www.mestskytrhik.sk\\\/cms\\\/\",\"logo\":{\"@type\":\"ImageObject\",\"inLanguage\":\"sk-SK\",\"@id\":\"https:\\\/\\\/www.mestskytrhik.sk\\\/cms\\\/#\\\/schema\\\/logo\\\/image\\\/\",\"url\":\"https:\\\/\\\/www.mestskytrhik.sk\\\/cms\\\/wp-content\\\/uploads\\\/2024\\\/12\\\/cropped-Logo.jpg\",\"contentUrl\":\"https:\\\/\\\/www.mestskytrhik.sk\\\/cms\\\/wp-content\\\/uploads\\\/2024\\\/12\\\/cropped-Logo.jpg\",\"width\":939,\"height\":816,\"caption\":\"Mestsk\u00fd trh\u00edk\"},\"image\":{\"@id\":\"https:\\\/\\\/www.mestskytrhik.sk\\\/cms\\\/#\\\/schema\\\/logo\\\/image\\\/\"},\"sameAs\":[\"https:\\\/\\\/www.facebook.com\\\/mestskytrhik\",\"https:\\\/\\\/www.instagram.com\\\/mestsky_trhik\\\/\"]}]}<\/script>\n<!-- \/ Yoast SEO plugin. -->","yoast_head_json":{"title":"Dobrovo\u013en\u00edctvo - Mestsk\u00fd trh\u00edk","description":"Zapoj sa ako dobrovo\u013en\u00edk a prispej k lep\u0161iemu mestu. Dobrovo\u013en\u00edctvo - objav silu komunity, pom\u00e1haj a u\u010d sa nov\u00e9 veci.","robots":{"index":"index","follow":"follow","max-snippet":"max-snippet:-1","max-image-preview":"max-image-preview:large","max-video-preview":"max-video-preview:-1"},"canonical":"https:\/\/www.mestskytrhik.sk\/cms\/dobrovolnictvo\/","og_locale":"sk_SK","og_type":"article","og_title":"Dobrovo\u013en\u00edctvo - Mestsk\u00fd trh\u00edk","og_description":"Zapoj sa ako dobrovo\u013en\u00edk a prispej k lep\u0161iemu mestu. Dobrovo\u013en\u00edctvo - objav silu komunity, pom\u00e1haj a u\u010d sa nov\u00e9 veci.","og_url":"https:\/\/www.mestskytrhik.sk\/cms\/dobrovolnictvo\/","og_site_name":"Mestsk\u00fd trh\u00edk","article_publisher":"https:\/\/www.facebook.com\/mestskytrhik","article_modified_time":"2026-02-25T19:50:24+00:00","og_image":[{"width":1920,"height":1280,"url":"https:\/\/www.mestskytrhik.sk\/cms\/wp-content\/uploads\/2025\/05\/DSC09620.jpg","type":"image\/jpeg"}],"twitter_card":"summary_large_image","twitter_misc":{"Predpokladan\u00fd \u010das \u010d\u00edtania":"3 min\u00faty"},"schema":{"@context":"https:\/\/schema.org","@graph":[{"@type":"WebPage","@id":"https:\/\/www.mestskytrhik.sk\/cms\/dobrovolnictvo\/","url":"https:\/\/www.mestskytrhik.sk\/cms\/dobrovolnictvo\/","name":"Dobrovo\u013en\u00edctvo - Mestsk\u00fd trh\u00edk","isPartOf":{"@id":"https:\/\/www.mestskytrhik.sk\/cms\/#website"},"primaryImageOfPage":{"@id":"https:\/\/www.mestskytrhik.sk\/cms\/dobrovolnictvo\/#primaryimage"},"image":{"@id":"https:\/\/www.mestskytrhik.sk\/cms\/dobrovolnictvo\/#primaryimage"},"thumbnailUrl":"https:\/\/www.mestskytrhik.sk\/cms\/wp-content\/uploads\/2025\/05\/DSC09620.jpg","datePublished":"2025-05-03T12:49:12+00:00","dateModified":"2026-02-25T19:50:24+00:00","description":"Zapoj sa ako dobrovo\u013en\u00edk a prispej k lep\u0161iemu mestu. Dobrovo\u013en\u00edctvo - objav silu komunity, pom\u00e1haj a u\u010d sa nov\u00e9 veci.","breadcrumb":{"@id":"https:\/\/www.mestskytrhik.sk\/cms\/dobrovolnictvo\/#breadcrumb"},"inLanguage":"sk-SK","potentialAction":[{"@type":"ReadAction","target":["https:\/\/www.mestskytrhik.sk\/cms\/dobrovolnictvo\/"]}]},{"@type":"ImageObject","inLanguage":"sk-SK","@id":"https:\/\/www.mestskytrhik.sk\/cms\/dobrovolnictvo\/#primaryimage","url":"https:\/\/www.mestskytrhik.sk\/cms\/wp-content\/uploads\/2025\/05\/DSC09620.jpg","contentUrl":"https:\/\/www.mestskytrhik.sk\/cms\/wp-content\/uploads\/2025\/05\/DSC09620.jpg","width":1920,"height":1280},{"@type":"BreadcrumbList","@id":"https:\/\/www.mestskytrhik.sk\/cms\/dobrovolnictvo\/#breadcrumb","itemListElement":[{"@type":"ListItem","position":1,"name":"Home","item":"https:\/\/www.mestskytrhik.sk\/cms\/"},{"@type":"ListItem","position":2,"name":"Dobrovo\u013en\u00edctvo"}]},{"@type":"WebSite","@id":"https:\/\/www.mestskytrhik.sk\/cms\/#website","url":"https:\/\/www.mestskytrhik.sk\/cms\/","name":"Mestsk\u00fd trh\u00edk","description":"o\u017eivuje verejn\u00fd priestor a podporuje lok\u00e1lnu tvorbu","publisher":{"@id":"https:\/\/www.mestskytrhik.sk\/cms\/#organization"},"alternateName":"o\u017eivuje verejn\u00fd priestor a podporuje lok\u00e1lnu tvorbu","potentialAction":[{"@type":"SearchAction","target":{"@type":"EntryPoint","urlTemplate":"https:\/\/www.mestskytrhik.sk\/cms\/?s={search_term_string}"},"query-input":{"@type":"PropertyValueSpecification","valueRequired":true,"valueName":"search_term_string"}}],"inLanguage":"sk-SK"},{"@type":"Organization","@id":"https:\/\/www.mestskytrhik.sk\/cms\/#organization","name":"Mestsk\u00fd trh\u00edk","alternateName":"Komunita","url":"https:\/\/www.mestskytrhik.sk\/cms\/","logo":{"@type":"ImageObject","inLanguage":"sk-SK","@id":"https:\/\/www.mestskytrhik.sk\/cms\/#\/schema\/logo\/image\/","url":"https:\/\/www.mestskytrhik.sk\/cms\/wp-content\/uploads\/2024\/12\/cropped-Logo.jpg","contentUrl":"https:\/\/www.mestskytrhik.sk\/cms\/wp-content\/uploads\/2024\/12\/cropped-Logo.jpg","width":939,"height":816,"caption":"Mestsk\u00fd trh\u00edk"},"image":{"@id":"https:\/\/www.mestskytrhik.sk\/cms\/#\/schema\/logo\/image\/"},"sameAs":["https:\/\/www.facebook.com\/mestskytrhik","https:\/\/www.instagram.com\/mestsky_trhik\/"]}]}},"uagb_featured_image_src":{"full":["https:\/\/www.mestskytrhik.sk\/cms\/wp-content\/uploads\/2025\/05\/DSC09620.jpg",1920,1280,false],"thumbnail":["https:\/\/www.mestskytrhik.sk\/cms\/wp-content\/uploads\/2025\/05\/DSC09620-150x150.jpg",150,150,true],"medium":["https:\/\/www.mestskytrhik.sk\/cms\/wp-content\/uploads\/2025\/05\/DSC09620-300x200.jpg",300,200,true],"medium_large":["https:\/\/www.mestskytrhik.sk\/cms\/wp-content\/uploads\/2025\/05\/DSC09620-768x512.jpg",580,387,true],"large":["https:\/\/www.mestskytrhik.sk\/cms\/wp-content\/uploads\/2025\/05\/DSC09620-1024x683.jpg",580,387,true],"1536x1536":["https:\/\/www.mestskytrhik.sk\/cms\/wp-content\/uploads\/2025\/05\/DSC09620-1536x1024.jpg",1536,1024,true],"2048x2048":["https:\/\/www.mestskytrhik.sk\/cms\/wp-content\/uploads\/2025\/05\/DSC09620.jpg",1920,1280,false],"post-thumbnail":["https:\/\/www.mestskytrhik.sk\/cms\/wp-content\/uploads\/2025\/05\/DSC09620-1200x800.jpg",1200,800,true],"twentytwenty-fullscreen":["https:\/\/www.mestskytrhik.sk\/cms\/wp-content\/uploads\/2025\/05\/DSC09620.jpg",1920,1280,false]},"uagb_author_info":{"display_name":"Organiz\u00e1tor","author_link":"https:\/\/www.mestskytrhik.sk\/cms\/author\/admin\/"},"uagb_comment_info":0,"uagb_excerpt":"\ud83d\udd38 Sta\u0148 sa dobrovo\u013en\u00edkom na Mestskom trh\u00edku 2026! Mestsk\u00fd trh\u00edk je komunitn\u00e9 podujatie pln\u00e9 tvorivosti, lok\u00e1lnej energie a dobrej n\u00e1lady. Tento rok sa u\u017e uskuto\u010dnilo podujatie FESTMESTO &#8211; 23. m\u00e1ja [&hellip;]","_links":{"self":[{"href":"https:\/\/www.mestskytrhik.sk\/cms\/wp-json\/wp\/v2\/pages\/2662","targetHints":{"allow":["GET"]}}],"collection":[{"href":"https:\/\/www.mestskytrhik.sk\/cms\/wp-json\/wp\/v2\/pages"}],"about":[{"href":"https:\/\/www.mestskytrhik.sk\/cms\/wp-json\/wp\/v2\/types\/page"}],"author":[{"embeddable":true,"href":"https:\/\/www.mestskytrhik.sk\/cms\/wp-json\/wp\/v2\/users\/1"}],"replies":[{"embeddable":true,"href":"https:\/\/www.mestskytrhik.sk\/cms\/wp-json\/wp\/v2\/comments?post=2662"}],"version-history":[{"count":5,"href":"https:\/\/www.mestskytrhik.sk\/cms\/wp-json\/wp\/v2\/pages\/2662\/revisions"}],"predecessor-version":[{"id":2717,"href":"https:\/\/www.mestskytrhik.sk\/cms\/wp-json\/wp\/v2\/pages\/2662\/revisions\/2717"}],"wp:featuredmedia":[{"embeddable":true,"href":"https:\/\/www.mestskytrhik.sk\/cms\/wp-json\/wp\/v2\/media\/2664"}],"wp:attachment":[{"href":"https:\/\/www.mestskytrhik.sk\/cms\/wp-json\/wp\/v2\/media?parent=2662"}],"curies":[{"name":"wp","href":"https:\/\/api.w.org\/{rel}","templated":true}]}}